{"id":312,"date":"2020-10-29T15:42:48","date_gmt":"2020-10-29T14:42:48","guid":{"rendered":"https:\/\/wasserbaukolloquium.de\/2024\/?page_id=312"},"modified":"2023-08-14T11:27:55","modified_gmt":"2023-08-14T09:27:55","slug":"kontakt","status":"publish","type":"page","link":"https:\/\/wasserbaukolloquium.de\/2024\/kontakt","title":{"rendered":"Kontakt"},"content":{"rendered":"\t\t<div data-elementor-type=\"wp-page\" data-elementor-id=\"312\" class=\"elementor elementor-312\" data-elementor-post-type=\"page\">\n\t\t\t\t\t\t<section data-particle_enable=\"false\" data-particle-mobile-disabled=\"false\" class=\"elementor-section elementor-top-section elementor-element elementor-element-4141235d elementor-section-boxed ang-section-padding-initial elementor-section-height-default elementor-section-height-default elementor-repeater-item-none elementor-repeater-item-none_hover\" data-id=\"4141235d\" data-element_type=\"section\">\n\t\t\t\t\t\t<div class=\"elementor-container elementor-column-gap-default\">\n\t\t\t\t\t<div class=\"elementor-column elementor-col-100 elementor-top-column elementor-element elementor-element-2c57c407 elementor-repeater-item-none elementor-repeater-item-none_hover\" data-id=\"2c57c407\" data-element_type=\"column\">\n\t\t\t<div class=\"elementor-widget-wrap elementor-element-populated\">\n\t\t\t\t\t\t<div class=\"elementor-element elementor-element-a56cea7 elementor-repeater-item-none elementor-repeater-item-none_hover elementor-widget elementor-widget-text-editor\" data-id=\"a56cea7\" data-element_type=\"widget\" data-widget_type=\"text-editor.default\">\n\t\t\t\t<div class=\"elementor-widget-container\">\n\t\t\t\t\t\t\t\t\t<p>Veranstalter des 47. Dresdner Wasserbaukolloquiums ist das <a href=\"https:\/\/tu-dresden.de\/bu\/bauingenieurwesen\/iwd\" target=\"_blank\" rel=\"noopener\">Institut f\u00fcr Wasserbau und Technische Hydromechanik der Technischen Universit\u00e4t Dresden<\/a> in Kooperation mit der<span>\u00a0<\/span><a href=\"https:\/\/tu-dresden.de\/bu\/bauingenieurwesen\/iwd\/das-institut\/foerderverein\">Gesellschaft der F\u00f6rderer des Hubert-Engels-Instituts f\u00fcr Wasserbau und Technische Hydromechanik der Technischen Universit\u00e4t Dresden e. V.<\/a><\/p>\t\t\t\t\t\t\t\t<\/div>\n\t\t\t\t<\/div>\n\t\t\t\t<div class=\"elementor-element elementor-element-44f9e93 external_elementor-repeater-item-none_external elementor-repeater-item-none elementor-repeater-item-none_hover elementor-widget elementor-widget-image\" data-id=\"44f9e93\" data-element_type=\"widget\" data-widget_type=\"image.default\">\n\t\t\t\t<div class=\"elementor-widget-container\">\n\t\t\t\t\t\t\t\t\t\t\t\t\t\t\t\t<a href=\"https:\/\/tu-dresden.de\/bu\/bauingenieurwesen\/iwd\/das-institut\/foerderverein\" target=\"_blank\">\n\t\t\t\t\t\t\t<img fetchpriority=\"high\" decoding=\"async\" width=\"550\" height=\"96\" src=\"https:\/\/wasserbaukolloquium.de\/2024\/wp-content\/uploads\/WBK_foerderverein_logo.png\" class=\"attachment-full size-full wp-image-444\" alt=\"Logo der Gesellschaft der F\u00f6rderer des Hubert-Engels-Instituts f\u00fcr Wasserbau und Technische Hydromechanik der Technischen Universit\u00e4t Dresden e. V.\" srcset=\"https:\/\/wasserbaukolloquium.de\/2024\/wp-content\/uploads\/WBK_foerderverein_logo.png 550w, https:\/\/wasserbaukolloquium.de\/2024\/wp-content\/uploads\/WBK_foerderverein_logo-300x52.png 300w, https:\/\/wasserbaukolloquium.de\/2024\/wp-content\/uploads\/WBK_foerderverein_logo-150x26.png 150w\" sizes=\"(max-width: 550px) 100vw, 550px\" \/>\t\t\t\t\t\t\t\t<\/a>\n\t\t\t\t\t\t\t\t\t\t\t\t\t\t\t<\/div>\n\t\t\t\t<\/div>\n\t\t\t\t<div class=\"elementor-element elementor-element-8e0b838 elementor-repeater-item-none elementor-repeater-item-none_hover elementor-widget elementor-widget-text-editor\" data-id=\"8e0b838\" data-element_type=\"widget\" data-widget_type=\"text-editor.default\">\n\t\t\t\t<div class=\"elementor-widget-container\">\n\t\t\t\t\t\t\t\t\t<p>Die Organisation erfolgt in Zusammenarbeit mit der Intercom Dresden GmbH.<\/p>\t\t\t\t\t\t\t\t<\/div>\n\t\t\t\t<\/div>\n\t\t\t\t\t<\/div>\n\t\t<\/div>\n\t\t\t\t\t<\/div>\n\t\t<\/section>\n\t\t\t\t<section data-particle_enable=\"false\" data-particle-mobile-disabled=\"false\" class=\"elementor-section elementor-top-section elementor-element elementor-element-fb76339 elementor-section-boxed ang-section-padding-initial elementor-section-height-default elementor-section-height-default elementor-repeater-item-none elementor-repeater-item-none_hover\" data-id=\"fb76339\" data-element_type=\"section\">\n\t\t\t\t\t\t<div class=\"elementor-container elementor-column-gap-default\">\n\t\t\t\t\t<div class=\"elementor-column elementor-col-100 elementor-top-column elementor-element elementor-element-c882022 contactCol2 elementor-repeater-item-none elementor-repeater-item-none_hover\" data-id=\"c882022\" data-element_type=\"column\">\n\t\t\t<div class=\"elementor-widget-wrap elementor-element-populated\">\n\t\t\t\t\t\t<div class=\"elementor-element elementor-element-8418c6b elementor-icon-list--layout-traditional elementor-list-item-link-full_width elementor-repeater-item-none elementor-repeater-item-none_hover elementor-widget elementor-widget-icon-list\" data-id=\"8418c6b\" data-element_type=\"widget\" data-widget_type=\"icon-list.default\">\n\t\t\t\t<div class=\"elementor-widget-container\">\n\t\t\t\t\t\t\t<ul class=\"elementor-icon-list-items\">\n\t\t\t\t\t\t\t<li class=\"elementor-icon-list-item\">\n\t\t\t\t\t\t\t\t\t\t<span class=\"elementor-icon-list-text\"><b>Katharina Henze<\/b><\/span>\n\t\t\t\t\t\t\t\t\t<\/li>\n\t\t\t\t\t\t\t\t<li class=\"elementor-icon-list-item\">\n\t\t\t\t\t\t\t\t\t\t<span class=\"elementor-icon-list-text\">Projektleiterin<\/span>\n\t\t\t\t\t\t\t\t\t<\/li>\n\t\t\t\t\t\t\t\t<li class=\"elementor-icon-list-item\">\n\t\t\t\t\t\t\t\t\t\t<span class=\"elementor-icon-list-text\">&nbsp;<\/span>\n\t\t\t\t\t\t\t\t\t<\/li>\n\t\t\t\t\t\t\t\t<li class=\"elementor-icon-list-item\">\n\t\t\t\t\t\t\t\t\t\t<span class=\"elementor-icon-list-text\">Intercom Dresden GmbH<\/span>\n\t\t\t\t\t\t\t\t\t<\/li>\n\t\t\t\t\t\t\t\t<li class=\"elementor-icon-list-item\">\n\t\t\t\t\t\t\t\t\t\t<span class=\"elementor-icon-list-text\">Zellescher Weg 3<\/span>\n\t\t\t\t\t\t\t\t\t<\/li>\n\t\t\t\t\t\t\t\t<li class=\"elementor-icon-list-item\">\n\t\t\t\t\t\t\t\t\t\t<span class=\"elementor-icon-list-text\">01069 Dresden<\/span>\n\t\t\t\t\t\t\t\t\t<\/li>\n\t\t\t\t\t\t\t\t<li class=\"elementor-icon-list-item\">\n\t\t\t\t\t\t\t\t\t\t<span class=\"elementor-icon-list-text\">&nbsp;<\/span>\n\t\t\t\t\t\t\t\t\t<\/li>\n\t\t\t\t\t\t\t\t<li class=\"elementor-icon-list-item\">\n\t\t\t\t\t\t\t\t\t\t\t<span class=\"elementor-icon-list-icon\">\n\t\t\t\t\t\t\t<i aria-hidden=\"true\" class=\"fas fa-phone-alt\"><\/i>\t\t\t\t\t\t<\/span>\n\t\t\t\t\t\t\t\t\t\t<span class=\"elementor-icon-list-text\">+49 (0)351 32017370<\/span>\n\t\t\t\t\t\t\t\t\t<\/li>\n\t\t\t\t\t\t\t\t<li class=\"elementor-icon-list-item\">\n\t\t\t\t\t\t\t\t\t\t\t<span class=\"elementor-icon-list-icon\">\n\t\t\t\t\t\t\t<i aria-hidden=\"true\" class=\"fas fa-print\"><\/i>\t\t\t\t\t\t<\/span>\n\t\t\t\t\t\t\t\t\t\t<span class=\"elementor-icon-list-text\">+49 (0)351 32017333<\/span>\n\t\t\t\t\t\t\t\t\t<\/li>\n\t\t\t\t\t\t\t\t<li class=\"elementor-icon-list-item\">\n\t\t\t\t\t\t\t\t\t\t\t<a href=\"mailto:organisation@wasserbaukolloquium.de\">\n\n\t\t\t\t\t\t\t\t\t\t\t\t<span class=\"elementor-icon-list-icon\">\n\t\t\t\t\t\t\t<i aria-hidden=\"true\" class=\"far fa-envelope\"><\/i>\t\t\t\t\t\t<\/span>\n\t\t\t\t\t\t\t\t\t\t<span class=\"elementor-icon-list-text\">organisation@wasserbaukolloquium.de<\/span>\n\t\t\t\t\t\t\t\t\t\t\t<\/a>\n\t\t\t\t\t\t\t\t\t<\/li>\n\t\t\t\t\t\t\t\t<li class=\"elementor-icon-list-item\">\n\t\t\t\t\t\t\t\t\t\t\t<a href=\"https:\/\/intercom-kongresse.de\">\n\n\t\t\t\t\t\t\t\t\t\t\t\t<span class=\"elementor-icon-list-icon\">\n\t\t\t\t\t\t\t<i aria-hidden=\"true\" class=\"fas fa-globe\"><\/i>\t\t\t\t\t\t<\/span>\n\t\t\t\t\t\t\t\t\t\t<span class=\"elementor-icon-list-text\">Webseite<\/span>\n\t\t\t\t\t\t\t\t\t\t\t<\/a>\n\t\t\t\t\t\t\t\t\t<\/li>\n\t\t\t\t\t\t<\/ul>\n\t\t\t\t\t\t<\/div>\n\t\t\t\t<\/div>\n\t\t\t\t<div class=\"elementor-element elementor-element-d10175f elementor-align-justify contactButton_old elementor-repeater-item-none elementor-repeater-item-none_hover elementor-widget elementor-widget-button\" data-id=\"d10175f\" data-element_type=\"widget\" data-widget_type=\"button.default\">\n\t\t\t\t<div class=\"elementor-widget-container\">\n\t\t\t\t\t\t\t\t\t<div class=\"elementor-button-wrapper\">\n\t\t\t\t\t<a class=\"elementor-button elementor-button-link elementor-size-sm\" href=\"mailto:organisation@wasserbaukolloquium.de?subject=47.%20Dresdner%20Wasserbaukolloquium\">\n\t\t\t\t\t\t<span class=\"elementor-button-content-wrapper\">\n\t\t\t\t\t\t\t\t\t<span class=\"elementor-button-text\"><i class=\"fas fa-envelope\"><\/i> Email senden<\/span>\n\t\t\t\t\t<\/span>\n\t\t\t\t\t<\/a>\n\t\t\t\t<\/div>\n\t\t\t\t\t\t\t\t<\/div>\n\t\t\t\t<\/div>\n\t\t\t\t\t<\/div>\n\t\t<\/div>\n\t\t\t\t\t<\/div>\n\t\t<\/section>\n\t\t\t\t<\/div>\n\t\t","protected":false},"excerpt":{"rendered":"<p>Veranstalter des 47. Dresdner Wasserbaukolloquiums ist das Institut f\u00fcr Wasserbau und Technische Hydromechanik der Technischen Universit\u00e4t Dresden in Kooperation mit der\u00a0Gesellschaft der F\u00f6rderer des Hubert-Engels-Instituts f\u00fcr Wasserbau und Technische Hydromechanik der Technischen Universit\u00e4t Dresden e. V. Die Organisation erfolgt in Zusammenarbeit mit der Intercom Dresden GmbH. Katharina Henze Projektleiterin &nbsp; Intercom Dresden GmbH Zellescher Weg [&hellip;]<\/p>\n","protected":false},"author":8,"featured_media":0,"parent":0,"menu_order":10,"comment_status":"closed","ping_status":"closed","template":"elementor_header_footer","meta":{"_acf_changed":false,"footnotes":""},"class_list":["post-312","page","type-page","status-publish","hentry"],"acf":[],"yoast_head":"<!-- This site is optimized with the Yoast SEO plugin v26.7 - https:\/\/yoast.com\/wordpress\/plugins\/seo\/ -->\n<title>Kontakt - 47. Dresdner Wasserbaukolloquium 2024<\/title>\n<meta name=\"robots\" content=\"index, follow, max-snippet:-1, max-image-preview:large, max-video-preview:-1\" \/>\n<link rel=\"canonical\" href=\"https:\/\/wasserbaukolloquium.de\/2024\/kontakt\" \/>\n<meta property=\"og:locale\" content=\"de_DE\" \/>\n<meta property=\"og:type\" content=\"article\" \/>\n<meta property=\"og:title\" content=\"Kontakt - 47. Dresdner Wasserbaukolloquium 2024\" \/>\n<meta property=\"og:description\" content=\"Veranstalter des 47. Dresdner Wasserbaukolloquiums ist das Institut f\u00fcr Wasserbau und Technische Hydromechanik der Technischen Universit\u00e4t Dresden in Kooperation mit der\u00a0Gesellschaft der F\u00f6rderer des Hubert-Engels-Instituts f\u00fcr Wasserbau und Technische Hydromechanik der Technischen Universit\u00e4t Dresden e. V. Die Organisation erfolgt in Zusammenarbeit mit der Intercom Dresden GmbH. Katharina Henze Projektleiterin &nbsp; Intercom Dresden GmbH Zellescher Weg [&hellip;]\" \/>\n<meta property=\"og:url\" content=\"https:\/\/wasserbaukolloquium.de\/2024\/kontakt\" \/>\n<meta property=\"og:site_name\" content=\"47. Dresdner Wasserbaukolloquium 2024\" \/>\n<meta property=\"article:modified_time\" content=\"2023-08-14T09:27:55+00:00\" \/>\n<meta property=\"og:image\" content=\"https:\/\/wasserbaukolloquium.de\/2024\/wp-content\/uploads\/WBK_foerderverein_logo.png\" \/>\n<meta name=\"twitter:card\" content=\"summary_large_image\" \/>\n<meta name=\"twitter:label1\" content=\"Gesch\u00e4tzte Lesezeit\" \/>\n\t<meta name=\"twitter:data1\" content=\"1\u00a0Minute\" \/>\n<script type=\"application\/ld+json\" class=\"yoast-schema-graph\">{\"@context\":\"https:\/\/schema.org\",\"@graph\":[{\"@type\":\"WebPage\",\"@id\":\"https:\/\/wasserbaukolloquium.de\/2024\/kontakt\",\"url\":\"https:\/\/wasserbaukolloquium.de\/2024\/kontakt\",\"name\":\"Kontakt - 47. Dresdner Wasserbaukolloquium 2024\",\"isPartOf\":{\"@id\":\"https:\/\/wasserbaukolloquium.de\/2024\/#website\"},\"primaryImageOfPage\":{\"@id\":\"https:\/\/wasserbaukolloquium.de\/2024\/kontakt#primaryimage\"},\"image\":{\"@id\":\"https:\/\/wasserbaukolloquium.de\/2024\/kontakt#primaryimage\"},\"thumbnailUrl\":\"https:\/\/wasserbaukolloquium.de\/2024\/wp-content\/uploads\/WBK_foerderverein_logo.png\",\"datePublished\":\"2020-10-29T14:42:48+00:00\",\"dateModified\":\"2023-08-14T09:27:55+00:00\",\"breadcrumb\":{\"@id\":\"https:\/\/wasserbaukolloquium.de\/2024\/kontakt#breadcrumb\"},\"inLanguage\":\"de\",\"potentialAction\":[{\"@type\":\"ReadAction\",\"target\":[\"https:\/\/wasserbaukolloquium.de\/2024\/kontakt\"]}]},{\"@type\":\"ImageObject\",\"inLanguage\":\"de\",\"@id\":\"https:\/\/wasserbaukolloquium.de\/2024\/kontakt#primaryimage\",\"url\":\"https:\/\/wasserbaukolloquium.de\/2024\/wp-content\/uploads\/WBK_foerderverein_logo.png\",\"contentUrl\":\"https:\/\/wasserbaukolloquium.de\/2024\/wp-content\/uploads\/WBK_foerderverein_logo.png\",\"width\":550,\"height\":96,\"caption\":\"Logo der Gesellschaft der F\u00f6rderer des Hubert-Engels-Instituts f\u00fcr Wasserbau und Technische Hydromechanik der Technischen Universit\u00e4t Dresden e. V.\"},{\"@type\":\"BreadcrumbList\",\"@id\":\"https:\/\/wasserbaukolloquium.de\/2024\/kontakt#breadcrumb\",\"itemListElement\":[{\"@type\":\"ListItem\",\"position\":1,\"name\":\"Startseite\",\"item\":\"https:\/\/wasserbaukolloquium.de\/2024\/\"},{\"@type\":\"ListItem\",\"position\":2,\"name\":\"Kontakt\"}]},{\"@type\":\"WebSite\",\"@id\":\"https:\/\/wasserbaukolloquium.de\/2024\/#website\",\"url\":\"https:\/\/wasserbaukolloquium.de\/2024\/\",\"name\":\"47. Dresdner Wasserbaukolloquium 2024\",\"description\":\"Von der Technischen Hydromechanik zu Environmental Fluid Dynamics, 07. und 08. M\u00e4rz 2024\",\"publisher\":{\"@id\":\"https:\/\/wasserbaukolloquium.de\/2024\/#organization\"},\"potentialAction\":[{\"@type\":\"SearchAction\",\"target\":{\"@type\":\"EntryPoint\",\"urlTemplate\":\"https:\/\/wasserbaukolloquium.de\/2024\/?s={search_term_string}\"},\"query-input\":{\"@type\":\"PropertyValueSpecification\",\"valueRequired\":true,\"valueName\":\"search_term_string\"}}],\"inLanguage\":\"de\"},{\"@type\":\"Organization\",\"@id\":\"https:\/\/wasserbaukolloquium.de\/2024\/#organization\",\"name\":\"47. Dresdner Wasserbaukolloquium 2024\",\"url\":\"https:\/\/wasserbaukolloquium.de\/2024\/\",\"logo\":{\"@type\":\"ImageObject\",\"inLanguage\":\"de\",\"@id\":\"https:\/\/wasserbaukolloquium.de\/2024\/#\/schema\/logo\/image\/\",\"url\":\"https:\/\/wasserbaukolloquium.de\/2024\/wp-content\/uploads\/IWD_Logo_mitSchrift_blau.png\",\"contentUrl\":\"https:\/\/wasserbaukolloquium.de\/2024\/wp-content\/uploads\/IWD_Logo_mitSchrift_blau.png\",\"width\":1691,\"height\":518,\"caption\":\"47. Dresdner Wasserbaukolloquium 2024\"},\"image\":{\"@id\":\"https:\/\/wasserbaukolloquium.de\/2024\/#\/schema\/logo\/image\/\"}}]}<\/script>\n<!-- \/ Yoast SEO plugin. -->","yoast_head_json":{"title":"Kontakt - 47. Dresdner Wasserbaukolloquium 2024","robots":{"index":"index","follow":"follow","max-snippet":"max-snippet:-1","max-image-preview":"max-image-preview:large","max-video-preview":"max-video-preview:-1"},"canonical":"https:\/\/wasserbaukolloquium.de\/2024\/kontakt","og_locale":"de_DE","og_type":"article","og_title":"Kontakt - 47. Dresdner Wasserbaukolloquium 2024","og_description":"Veranstalter des 47. Dresdner Wasserbaukolloquiums ist das Institut f\u00fcr Wasserbau und Technische Hydromechanik der Technischen Universit\u00e4t Dresden in Kooperation mit der\u00a0Gesellschaft der F\u00f6rderer des Hubert-Engels-Instituts f\u00fcr Wasserbau und Technische Hydromechanik der Technischen Universit\u00e4t Dresden e. V. Die Organisation erfolgt in Zusammenarbeit mit der Intercom Dresden GmbH. Katharina Henze Projektleiterin &nbsp; Intercom Dresden GmbH Zellescher Weg [&hellip;]","og_url":"https:\/\/wasserbaukolloquium.de\/2024\/kontakt","og_site_name":"47. Dresdner Wasserbaukolloquium 2024","article_modified_time":"2023-08-14T09:27:55+00:00","og_image":[{"url":"https:\/\/wasserbaukolloquium.de\/2024\/wp-content\/uploads\/WBK_foerderverein_logo.png","type":"","width":"","height":""}],"twitter_card":"summary_large_image","twitter_misc":{"Gesch\u00e4tzte Lesezeit":"1\u00a0Minute"},"schema":{"@context":"https:\/\/schema.org","@graph":[{"@type":"WebPage","@id":"https:\/\/wasserbaukolloquium.de\/2024\/kontakt","url":"https:\/\/wasserbaukolloquium.de\/2024\/kontakt","name":"Kontakt - 47. Dresdner Wasserbaukolloquium 2024","isPartOf":{"@id":"https:\/\/wasserbaukolloquium.de\/2024\/#website"},"primaryImageOfPage":{"@id":"https:\/\/wasserbaukolloquium.de\/2024\/kontakt#primaryimage"},"image":{"@id":"https:\/\/wasserbaukolloquium.de\/2024\/kontakt#primaryimage"},"thumbnailUrl":"https:\/\/wasserbaukolloquium.de\/2024\/wp-content\/uploads\/WBK_foerderverein_logo.png","datePublished":"2020-10-29T14:42:48+00:00","dateModified":"2023-08-14T09:27:55+00:00","breadcrumb":{"@id":"https:\/\/wasserbaukolloquium.de\/2024\/kontakt#breadcrumb"},"inLanguage":"de","potentialAction":[{"@type":"ReadAction","target":["https:\/\/wasserbaukolloquium.de\/2024\/kontakt"]}]},{"@type":"ImageObject","inLanguage":"de","@id":"https:\/\/wasserbaukolloquium.de\/2024\/kontakt#primaryimage","url":"https:\/\/wasserbaukolloquium.de\/2024\/wp-content\/uploads\/WBK_foerderverein_logo.png","contentUrl":"https:\/\/wasserbaukolloquium.de\/2024\/wp-content\/uploads\/WBK_foerderverein_logo.png","width":550,"height":96,"caption":"Logo der Gesellschaft der F\u00f6rderer des Hubert-Engels-Instituts f\u00fcr Wasserbau und Technische Hydromechanik der Technischen Universit\u00e4t Dresden e. V."},{"@type":"BreadcrumbList","@id":"https:\/\/wasserbaukolloquium.de\/2024\/kontakt#breadcrumb","itemListElement":[{"@type":"ListItem","position":1,"name":"Startseite","item":"https:\/\/wasserbaukolloquium.de\/2024\/"},{"@type":"ListItem","position":2,"name":"Kontakt"}]},{"@type":"WebSite","@id":"https:\/\/wasserbaukolloquium.de\/2024\/#website","url":"https:\/\/wasserbaukolloquium.de\/2024\/","name":"47. Dresdner Wasserbaukolloquium 2024","description":"Von der Technischen Hydromechanik zu Environmental Fluid Dynamics, 07. und 08. M\u00e4rz 2024","publisher":{"@id":"https:\/\/wasserbaukolloquium.de\/2024\/#organization"},"potentialAction":[{"@type":"SearchAction","target":{"@type":"EntryPoint","urlTemplate":"https:\/\/wasserbaukolloquium.de\/2024\/?s={search_term_string}"},"query-input":{"@type":"PropertyValueSpecification","valueRequired":true,"valueName":"search_term_string"}}],"inLanguage":"de"},{"@type":"Organization","@id":"https:\/\/wasserbaukolloquium.de\/2024\/#organization","name":"47. Dresdner Wasserbaukolloquium 2024","url":"https:\/\/wasserbaukolloquium.de\/2024\/","logo":{"@type":"ImageObject","inLanguage":"de","@id":"https:\/\/wasserbaukolloquium.de\/2024\/#\/schema\/logo\/image\/","url":"https:\/\/wasserbaukolloquium.de\/2024\/wp-content\/uploads\/IWD_Logo_mitSchrift_blau.png","contentUrl":"https:\/\/wasserbaukolloquium.de\/2024\/wp-content\/uploads\/IWD_Logo_mitSchrift_blau.png","width":1691,"height":518,"caption":"47. Dresdner Wasserbaukolloquium 2024"},"image":{"@id":"https:\/\/wasserbaukolloquium.de\/2024\/#\/schema\/logo\/image\/"}}]}},"_links":{"self":[{"href":"https:\/\/wasserbaukolloquium.de\/2024\/wp-json\/wp\/v2\/pages\/312","targetHints":{"allow":["GET"]}}],"collection":[{"href":"https:\/\/wasserbaukolloquium.de\/2024\/wp-json\/wp\/v2\/pages"}],"about":[{"href":"https:\/\/wasserbaukolloquium.de\/2024\/wp-json\/wp\/v2\/types\/page"}],"author":[{"embeddable":true,"href":"https:\/\/wasserbaukolloquium.de\/2024\/wp-json\/wp\/v2\/users\/8"}],"replies":[{"embeddable":true,"href":"https:\/\/wasserbaukolloquium.de\/2024\/wp-json\/wp\/v2\/comments?post=312"}],"version-history":[{"count":0,"href":"https:\/\/wasserbaukolloquium.de\/2024\/wp-json\/wp\/v2\/pages\/312\/revisions"}],"wp:attachment":[{"href":"https:\/\/wasserbaukolloquium.de\/2024\/wp-json\/wp\/v2\/media?parent=312"}],"curies":[{"name":"wp","href":"https:\/\/api.w.org\/{rel}","templated":true}]}}