{"id":1398,"date":"2020-12-08T14:22:48","date_gmt":"2020-12-08T13:22:48","guid":{"rendered":"https:\/\/wasserbaukolloquium.de\/2024\/?page_id=1398"},"modified":"2024-02-07T15:09:10","modified_gmt":"2024-02-07T14:09:10","slug":"informationen-fuer-referenten","status":"publish","type":"page","link":"https:\/\/wasserbaukolloquium.de\/2024\/referenten\/informationen-fuer-referenten","title":{"rendered":"Informationen f\u00fcr Referenten"},"content":{"rendered":"\t\t<div data-elementor-type=\"wp-page\" data-elementor-id=\"1398\" class=\"elementor elementor-1398\" data-elementor-post-type=\"page\">\n\t\t\t\t\t\t<section data-particle_enable=\"false\" data-particle-mobile-disabled=\"false\" class=\"elementor-section elementor-top-section elementor-element elementor-element-5b8b8f4 elementor-section-boxed ang-section-padding-initial elementor-section-height-default elementor-section-height-default elementor-repeater-item-none elementor-repeater-item-none_hover\" data-id=\"5b8b8f4\" data-element_type=\"section\">\n\t\t\t\t\t\t<div class=\"elementor-container elementor-column-gap-default\">\n\t\t\t\t\t<div class=\"elementor-column elementor-col-100 elementor-top-column elementor-element elementor-element-7fa7fd5 elementor-repeater-item-none elementor-repeater-item-none_hover\" data-id=\"7fa7fd5\" data-element_type=\"column\">\n\t\t\t<div class=\"elementor-widget-wrap elementor-element-populated\">\n\t\t\t\t\t\t<div class=\"elementor-element elementor-element-d80f5c1 elementor-repeater-item-none elementor-repeater-item-none_hover elementor-widget elementor-widget-text-editor\" data-id=\"d80f5c1\" data-element_type=\"widget\" data-widget_type=\"text-editor.default\">\n\t\t\t\t<div class=\"elementor-widget-container\">\n\t\t\t\t\t\t\t\t\t<p>Hier finden Sie alle wichtigen Informationen f\u00fcr die Erstellung Ihre Beitr\u00e4ge und Vortr\u00e4ge zum virtuellen 47. Dresdner Wasserbaukolloquium.<\/p>\t\t\t\t\t\t\t\t<\/div>\n\t\t\t\t<\/div>\n\t\t\t\t<div class=\"elementor-element elementor-element-30028eb elementor-repeater-item-none elementor-repeater-item-none_hover elementor-widget elementor-widget-heading\" data-id=\"30028eb\" data-element_type=\"widget\" data-widget_type=\"heading.default\">\n\t\t\t\t<div class=\"elementor-widget-container\">\n\t\t\t\t\t<h2 class=\"elementor-heading-title elementor-size-default\">Schriftlicher Fachbeitrag f\u00fcr den Abstractband<\/h2>\t\t\t\t<\/div>\n\t\t\t\t<\/div>\n\t\t\t\t<div class=\"elementor-element elementor-element-13a6fbe elementor-repeater-item-none elementor-repeater-item-none_hover elementor-widget elementor-widget-text-editor\" data-id=\"13a6fbe\" data-element_type=\"widget\" data-widget_type=\"text-editor.default\">\n\t\t\t\t<div class=\"elementor-widget-container\">\n\t\t\t\t\t\t\t\t\t<p>Ihre schriftlichen Beitr\u00e4ge werden in Form einer erweiterten Kurzfassung in einem Abstractband zusammengefasst und unter Open-Access-Bedingungen \u00fcber das Hydraulic Engineering Repository (HENRY) der Bundesanstalt f\u00fcr Wasserbau (BAW) ausschlie\u00dflich digital publiziert.<\/p><p>Bitte nutzen Sie f\u00fcr die Erstellung der schriftlichen Beitr\u00e4ge ausschlie\u00dflich die hier bereitgestellte <strong>Dokumentenvorlage<\/strong>.<br \/>Der Umfang der schriftlichen Ausarbeitung ist auf <strong>6- 8 Seiten<\/strong> begrenzt. Wir m\u00f6chten Sie bitten, sich strikt an die Formatierungsvorgaben der Vorlage zu halten.<\/p><p>Bitte \u00fcbersenden Sie die schriftliche Ausarbeitung Ihres Fachbeitrags <strong>bis sp\u00e4testens 26. Januar 2024 als Word- und PDF-Datei per E-Mail an <a href=\"mailto:organisation@wasserbaukolloquium.de\">organisation@wasserbaukolloquium.de<\/a><\/strong>.<\/p>\t\t\t\t\t\t\t\t<\/div>\n\t\t\t\t<\/div>\n\t\t\t\t<div class=\"elementor-element elementor-element-965e6b4 elementor-repeater-item-none elementor-repeater-item-none_hover elementor-widget elementor-widget-button\" data-id=\"965e6b4\" data-element_type=\"widget\" data-widget_type=\"button.default\">\n\t\t\t\t<div class=\"elementor-widget-container\">\n\t\t\t\t\t\t\t\t\t<div class=\"elementor-button-wrapper\">\n\t\t\t\t\t<a class=\"elementor-button elementor-button-link elementor-size-sm\" href=\"https:\/\/wasserbaukolloquium.de\/2024\/wp-content\/uploads\/Dokumentenvorlage_Abstractband_WBK_2024.docx\" target=\"_blank\">\n\t\t\t\t\t\t<span class=\"elementor-button-content-wrapper\">\n\t\t\t\t\t\t<span class=\"elementor-button-icon\">\n\t\t\t\t<i aria-hidden=\"true\" class=\"far fa-file-word\"><\/i>\t\t\t<\/span>\n\t\t\t\t\t\t\t\t\t<span class=\"elementor-button-text\">Dokumentenvorlage Abstractband<\/span>\n\t\t\t\t\t<\/span>\n\t\t\t\t\t<\/a>\n\t\t\t\t<\/div>\n\t\t\t\t\t\t\t\t<\/div>\n\t\t\t\t<\/div>\n\t\t\t\t<div class=\"elementor-element elementor-element-8d6d8fe elementor-repeater-item-none elementor-repeater-item-none_hover elementor-widget elementor-widget-heading\" data-id=\"8d6d8fe\" data-element_type=\"widget\" data-widget_type=\"heading.default\">\n\t\t\t\t<div class=\"elementor-widget-container\">\n\t\t\t\t\t<h2 class=\"elementor-heading-title elementor-size-default\">Vortrag<\/h2>\t\t\t\t<\/div>\n\t\t\t\t<\/div>\n\t\t\t\t<div class=\"elementor-element elementor-element-dc6c250 elementor-repeater-item-none elementor-repeater-item-none_hover elementor-widget elementor-widget-text-editor\" data-id=\"dc6c250\" data-element_type=\"widget\" data-widget_type=\"text-editor.default\">\n\t\t\t\t<div class=\"elementor-widget-container\">\n\t\t\t\t\t\t\t\t\t<p>Die Vortragsdauer betr\u00e4gt 15 Minuten. Weitere 5 Minuten sind f\u00fcr eine Diskussion direkt im Anschluss Ihres Vortrags sowie f\u00fcr den Referentenwechsel vorgesehen. Wir m\u00f6chten Sie bitten, sich strikt an diese zeitlichen Vorgaben zu halten, um einen stringenten zeitlichen Ablauf der Konferenz zu gew\u00e4hrleisten. Vortragsfolien sind vorzugsweise im Format 16:9 zu erstellen und k\u00f6nnen als MS Power Point, PDF oder Open Office Impress pr\u00e4sentiert werden.<\/p>\t\t\t\t\t\t\t\t<\/div>\n\t\t\t\t<\/div>\n\t\t\t\t<div class=\"elementor-element elementor-element-8726d5d elementor-repeater-item-none elementor-repeater-item-none_hover elementor-widget elementor-widget-heading\" data-id=\"8726d5d\" data-element_type=\"widget\" data-widget_type=\"heading.default\">\n\t\t\t\t<div class=\"elementor-widget-container\">\n\t\t\t\t\t<h2 class=\"elementor-heading-title elementor-size-default\">Posterinformation<\/h2>\t\t\t\t<\/div>\n\t\t\t\t<\/div>\n\t\t\t\t<div class=\"elementor-element elementor-element-daf929b elementor-repeater-item-none elementor-repeater-item-none_hover elementor-widget elementor-widget-text-editor\" data-id=\"daf929b\" data-element_type=\"widget\" data-widget_type=\"text-editor.default\">\n\t\t\t\t<div class=\"elementor-widget-container\">\n\t\t\t\t\t\t\t\t\t<p>Die wissenschaftlichen Poster-Ausstellung findet im Bereich der Fachausstellung statt.<\/p><p>Alle Poster- Beitr\u00e4ge werden w\u00e4hrend des gesamten Kongresses ausgestellt sein. Das Anbringen der Poster sollte bitte am 07.03.2024 bis 10:00 Uhr erfolgen.<\/p><p>Bitte befestigen Sie das Poster an der bereitgestellten Stellwand. Befestigungsmaterial wird zur Verf\u00fcgung gestellt.<\/p><p>Format des Posters: Poster im Format DIN A0<br \/><strong><\/strong><\/p><p><strong>Wir bitten Sie, die Poster am Freitag, 08.03.2024 nach Ende des Kolloquiums wieder abzunehmen. Nicht abgeholte Poster werden nicht aufbewahrt.<\/strong><\/p>\t\t\t\t\t\t\t\t<\/div>\n\t\t\t\t<\/div>\n\t\t\t\t<div class=\"elementor-element elementor-element-eefa8f9 elementor-repeater-item-none elementor-repeater-item-none_hover elementor-widget elementor-widget-heading\" data-id=\"eefa8f9\" data-element_type=\"widget\" data-widget_type=\"heading.default\">\n\t\t\t\t<div class=\"elementor-widget-container\">\n\t\t\t\t\t<h2 class=\"elementor-heading-title elementor-size-default\">Vorstellung der Referentinnen und Referenten<\/h2>\t\t\t\t<\/div>\n\t\t\t\t<\/div>\n\t\t\t\t<div class=\"elementor-element elementor-element-9ecfdb1 elementor-repeater-item-none elementor-repeater-item-none_hover elementor-widget elementor-widget-text-editor\" data-id=\"9ecfdb1\" data-element_type=\"widget\" data-widget_type=\"text-editor.default\">\n\t\t\t\t<div class=\"elementor-widget-container\">\n\t\t\t\t\t\t\t\t\t<p>Um der jeweiligen Sitzungsleitung eine Vorstellung Ihrer Person zu erm\u00f6glichen, bitten wir Sie, uns zeitnah unter Verwendung des <strong>Referentenformulars<\/strong> eine Kurzdarstellung Ihres beruflichen Werdegangs zukommen zu lassen.<br \/><strong>Bitte beschr\u00e4nken Sie sich auf die 5 wichtigsten Stationen und die 3 wichtigsten Forschungsschwerpunkte.<\/strong><\/p><p>Bitte \u00fcbersenden Sie uns gern auch ein <strong>aktuelles Foto von Ihnen<\/strong>, welches wir auf der Homepage bereits im Vorfeld der Konferenz ver\u00f6ffentlichen w\u00fcrden.<\/p>\t\t\t\t\t\t\t\t<\/div>\n\t\t\t\t<\/div>\n\t\t\t\t<div class=\"elementor-element elementor-element-aab4e44 elementor-repeater-item-none elementor-repeater-item-none_hover elementor-widget elementor-widget-button\" data-id=\"aab4e44\" data-element_type=\"widget\" data-widget_type=\"button.default\">\n\t\t\t\t<div class=\"elementor-widget-container\">\n\t\t\t\t\t\t\t\t\t<div class=\"elementor-button-wrapper\">\n\t\t\t\t\t<a class=\"elementor-button elementor-button-link elementor-size-sm\" href=\"https:\/\/wasserbaukolloquium.de\/2024\/wp-content\/uploads\/Referentenformular_47.-Dresdner-Wasserbaukolloquium.docx\" target=\"_blank\">\n\t\t\t\t\t\t<span class=\"elementor-button-content-wrapper\">\n\t\t\t\t\t\t<span class=\"elementor-button-icon\">\n\t\t\t\t<i aria-hidden=\"true\" class=\"far fa-file-word\"><\/i>\t\t\t<\/span>\n\t\t\t\t\t\t\t\t\t<span class=\"elementor-button-text\">Referentenformular<\/span>\n\t\t\t\t\t<\/span>\n\t\t\t\t\t<\/a>\n\t\t\t\t<\/div>\n\t\t\t\t\t\t\t\t<\/div>\n\t\t\t\t<\/div>\n\t\t\t\t<div class=\"elementor-element elementor-element-ba3cbbe elementor-repeater-item-none elementor-repeater-item-none_hover elementor-widget elementor-widget-heading\" data-id=\"ba3cbbe\" data-element_type=\"widget\" data-widget_type=\"heading.default\">\n\t\t\t\t<div class=\"elementor-widget-container\">\n\t\t\t\t\t<h2 class=\"elementor-heading-title elementor-size-default\">Anmeldung<\/h2>\t\t\t\t<\/div>\n\t\t\t\t<\/div>\n\t\t\t\t<div class=\"elementor-element elementor-element-fa6740d elementor-repeater-item-none elementor-repeater-item-none_hover elementor-widget elementor-widget-text-editor\" data-id=\"fa6740d\" data-element_type=\"widget\" data-widget_type=\"text-editor.default\">\n\t\t\t\t<div class=\"elementor-widget-container\">\n\t\t\t\t\t\t\t\t\t<p>F\u00fcr Sie als Referent(in) \/ Hauptvortragende(r) gilt der reduzierte Tagungsbeitrag von 350,- EUR. Ihre Registrierung nehmen Sie bitte bis zum 20. Januar 2024 vor. Sollten Sie den separaten Link nicht erhalten haben, kontaktieren Sie uns bitte unter <a href=\"mailto:organisation@wasserbaukolloquium.de\">organisation@wasserbaukolloquium.de<\/a>.<\/p>\t\t\t\t\t\t\t\t<\/div>\n\t\t\t\t<\/div>\n\t\t\t\t\t<\/div>\n\t\t<\/div>\n\t\t\t\t\t<\/div>\n\t\t<\/section>\n\t\t\t\t<section data-particle_enable=\"false\" data-particle-mobile-disabled=\"false\" class=\"elementor-section elementor-top-section elementor-element elementor-element-2af8741 elementor-section-boxed ang-section-padding-initial elementor-section-height-default elementor-section-height-default elementor-repeater-item-none elementor-repeater-item-none_hover\" data-id=\"2af8741\" data-element_type=\"section\">\n\t\t\t\t\t\t<div class=\"elementor-container elementor-column-gap-default\">\n\t\t\t\t\t<div class=\"elementor-column elementor-col-100 elementor-top-column elementor-element elementor-element-432a4f9 elementor-repeater-item-none elementor-repeater-item-none_hover\" data-id=\"432a4f9\" data-element_type=\"column\">\n\t\t\t<div class=\"elementor-widget-wrap elementor-element-populated\">\n\t\t\t\t\t\t<div class=\"elementor-element elementor-element-131afff elementor-repeater-item-none elementor-repeater-item-none_hover elementor-widget elementor-widget-text-editor\" data-id=\"131afff\" data-element_type=\"widget\" data-widget_type=\"text-editor.default\">\n\t\t\t\t<div class=\"elementor-widget-container\">\n\t\t\t\t\t\t\t\t\t<p>Bei Fragen wenden Sie sich bitte an:<\/p>\t\t\t\t\t\t\t\t<\/div>\n\t\t\t\t<\/div>\n\t\t\t\t<section data-particle_enable=\"false\" data-particle-mobile-disabled=\"false\" class=\"elementor-section elementor-inner-section elementor-element elementor-element-099a430 contact elementor-section-boxed ang-section-padding-initial elementor-section-height-default elementor-section-height-default elementor-repeater-item-none elementor-repeater-item-none_hover\" data-id=\"099a430\" data-element_type=\"section\">\n\t\t\t\t\t\t<div class=\"elementor-container elementor-column-gap-no\">\n\t\t\t\t\t<div class=\"elementor-column elementor-col-50 elementor-inner-column elementor-element elementor-element-fd5d006 contactCol2 elementor-repeater-item-none elementor-repeater-item-none_hover\" data-id=\"fd5d006\" data-element_type=\"column\">\n\t\t\t<div class=\"elementor-widget-wrap elementor-element-populated\">\n\t\t\t\t\t\t<div class=\"elementor-element elementor-element-5b0840e contactName elementor-repeater-item-none elementor-repeater-item-none_hover elementor-widget elementor-widget-text-editor\" data-id=\"5b0840e\" data-element_type=\"widget\" data-widget_type=\"text-editor.default\">\n\t\t\t\t<div class=\"elementor-widget-container\">\n\t\t\t\t\t\t\t\t\t<p>Katharina Henze<\/p>\t\t\t\t\t\t\t\t<\/div>\n\t\t\t\t<\/div>\n\t\t\t\t<div class=\"elementor-element elementor-element-17d320a contactRole elementor-repeater-item-none elementor-repeater-item-none_hover elementor-widget elementor-widget-text-editor\" data-id=\"17d320a\" data-element_type=\"widget\" data-widget_type=\"text-editor.default\">\n\t\t\t\t<div class=\"elementor-widget-container\">\n\t\t\t\t\t\t\t\t\t<p><span>Projektleiterin\u00a0<\/span><\/p>\t\t\t\t\t\t\t\t<\/div>\n\t\t\t\t<\/div>\n\t\t\t\t<div class=\"elementor-element elementor-element-3799de5 contactText sekundaerText elementor-repeater-item-none elementor-repeater-item-none_hover elementor-widget elementor-widget-text-editor\" data-id=\"3799de5\" data-element_type=\"widget\" data-widget_type=\"text-editor.default\">\n\t\t\t\t<div class=\"elementor-widget-container\">\n\t\t\t\t\t\t\t\t\t<p>Intercom Dresden GmbH<br>\nZellescher Weg 3 <br>\n01069 Dresden<\/p>\n<table class=\"contactTable\">\n<tbody>\n<tr>\n<td>Tel.<\/td>\n<td class=\"value\">+49 351 32017370<\/td>\n<\/tr>\n<tr>\n<td>Fax<\/td>\n<td class=\"value\">+49 351 32017333<\/td>\n<\/tr>\n<tr>\n<td colspan=\"2\"><i class=\"fas fa-envelope\"><\/i> <a href=\"mailto:organisation@wasserbaukolloquium.de\">organisation@wasserbaukolloquium.de<\/a><\/td>\n<\/tr>\n<tr>\n<td colspan=\"2\"><i class=\"fas fa-globe\"><\/i> <a href=\"https:\/\/intercom-kongresse.de\" target=\"_blank\" rel=\"noopener\">Webseite<\/a><\/td>\n<\/tr>\n<\/tbody>\n<\/table>\t\t\t\t\t\t\t\t<\/div>\n\t\t\t\t<\/div>\n\t\t\t\t<div class=\"elementor-element elementor-element-3a84ecb elementor-align-justify contactButton elementor-repeater-item-none elementor-repeater-item-none_hover elementor-widget elementor-widget-button\" data-id=\"3a84ecb\" data-element_type=\"widget\" data-widget_type=\"button.default\">\n\t\t\t\t<div class=\"elementor-widget-container\">\n\t\t\t\t\t\t\t\t\t<div class=\"elementor-button-wrapper\">\n\t\t\t\t\t<a class=\"elementor-button elementor-button-link elementor-size-sm\" href=\"mailto:organisation@wasserbaukolloquium.de?subject=WBK%202024\">\n\t\t\t\t\t\t<span class=\"elementor-button-content-wrapper\">\n\t\t\t\t\t\t\t\t\t<span class=\"elementor-button-text\"><i class=\"fas fa-envelope\"><\/i> Email senden<\/span>\n\t\t\t\t\t<\/span>\n\t\t\t\t\t<\/a>\n\t\t\t\t<\/div>\n\t\t\t\t\t\t\t\t<\/div>\n\t\t\t\t<\/div>\n\t\t\t\t\t<\/div>\n\t\t<\/div>\n\t\t\t\t<div class=\"elementor-column elementor-col-50 elementor-inner-column elementor-element elementor-element-c8085ae elementor-repeater-item-none elementor-repeater-item-none_hover\" data-id=\"c8085ae\" data-element_type=\"column\" data-settings=\"{&quot;background_background&quot;:&quot;classic&quot;}\">\n\t\t\t<div class=\"elementor-widget-wrap\">\n\t\t\t\t\t\t\t<\/div>\n\t\t<\/div>\n\t\t\t\t\t<\/div>\n\t\t<\/section>\n\t\t\t\t\t<\/div>\n\t\t<\/div>\n\t\t\t\t\t<\/div>\n\t\t<\/section>\n\t\t\t\t<\/div>\n\t\t","protected":false},"excerpt":{"rendered":"<p>Hier finden Sie alle wichtigen Informationen f\u00fcr die Erstellung Ihre Beitr\u00e4ge und Vortr\u00e4ge zum virtuellen 47. Dresdner Wasserbaukolloquium. Schriftlicher Fachbeitrag f\u00fcr den Abstractband Ihre schriftlichen Beitr\u00e4ge werden in Form einer erweiterten Kurzfassung in einem Abstractband zusammengefasst und unter Open-Access-Bedingungen \u00fcber das Hydraulic Engineering Repository (HENRY) der Bundesanstalt f\u00fcr Wasserbau (BAW) ausschlie\u00dflich digital publiziert. Bitte nutzen [&hellip;]<\/p>\n","protected":false},"author":5,"featured_media":0,"parent":1855,"menu_order":7,"comment_status":"closed","ping_status":"closed","template":"elementor_header_footer","meta":{"_acf_changed":false,"footnotes":""},"class_list":["post-1398","page","type-page","status-publish","hentry"],"acf":[],"yoast_head":"<!-- This site is optimized with the Yoast SEO plugin v26.7 - https:\/\/yoast.com\/wordpress\/plugins\/seo\/ -->\n<title>Informationen f\u00fcr Referenten - 47. Dresdner Wasserbaukolloquium 2024<\/title>\n<meta name=\"robots\" content=\"index, follow, max-snippet:-1, max-image-preview:large, max-video-preview:-1\" \/>\n<link rel=\"canonical\" href=\"https:\/\/wasserbaukolloquium.de\/2024\/referenten\/informationen-fuer-referenten\" \/>\n<meta property=\"og:locale\" content=\"de_DE\" \/>\n<meta property=\"og:type\" content=\"article\" \/>\n<meta property=\"og:title\" content=\"Informationen f\u00fcr Referenten - 47. Dresdner Wasserbaukolloquium 2024\" \/>\n<meta property=\"og:description\" content=\"Hier finden Sie alle wichtigen Informationen f\u00fcr die Erstellung Ihre Beitr\u00e4ge und Vortr\u00e4ge zum virtuellen 47. Dresdner Wasserbaukolloquium. Schriftlicher Fachbeitrag f\u00fcr den Abstractband Ihre schriftlichen Beitr\u00e4ge werden in Form einer erweiterten Kurzfassung in einem Abstractband zusammengefasst und unter Open-Access-Bedingungen \u00fcber das Hydraulic Engineering Repository (HENRY) der Bundesanstalt f\u00fcr Wasserbau (BAW) ausschlie\u00dflich digital publiziert. Bitte nutzen [&hellip;]\" \/>\n<meta property=\"og:url\" content=\"https:\/\/wasserbaukolloquium.de\/2024\/referenten\/informationen-fuer-referenten\" \/>\n<meta property=\"og:site_name\" content=\"47. Dresdner Wasserbaukolloquium 2024\" \/>\n<meta property=\"article:modified_time\" content=\"2024-02-07T14:09:10+00:00\" \/>\n<meta name=\"twitter:card\" content=\"summary_large_image\" \/>\n<meta name=\"twitter:label1\" content=\"Gesch\u00e4tzte Lesezeit\" \/>\n\t<meta name=\"twitter:data1\" content=\"3\u00a0Minuten\" \/>\n<script type=\"application\/ld+json\" class=\"yoast-schema-graph\">{\"@context\":\"https:\/\/schema.org\",\"@graph\":[{\"@type\":\"WebPage\",\"@id\":\"https:\/\/wasserbaukolloquium.de\/2024\/referenten\/informationen-fuer-referenten\",\"url\":\"https:\/\/wasserbaukolloquium.de\/2024\/referenten\/informationen-fuer-referenten\",\"name\":\"Informationen f\u00fcr Referenten - 47. Dresdner Wasserbaukolloquium 2024\",\"isPartOf\":{\"@id\":\"https:\/\/wasserbaukolloquium.de\/2024\/#website\"},\"datePublished\":\"2020-12-08T13:22:48+00:00\",\"dateModified\":\"2024-02-07T14:09:10+00:00\",\"breadcrumb\":{\"@id\":\"https:\/\/wasserbaukolloquium.de\/2024\/referenten\/informationen-fuer-referenten#breadcrumb\"},\"inLanguage\":\"de\",\"potentialAction\":[{\"@type\":\"ReadAction\",\"target\":[\"https:\/\/wasserbaukolloquium.de\/2024\/referenten\/informationen-fuer-referenten\"]}]},{\"@type\":\"BreadcrumbList\",\"@id\":\"https:\/\/wasserbaukolloquium.de\/2024\/referenten\/informationen-fuer-referenten#breadcrumb\",\"itemListElement\":[{\"@type\":\"ListItem\",\"position\":1,\"name\":\"Startseite\",\"item\":\"https:\/\/wasserbaukolloquium.de\/2024\/\"},{\"@type\":\"ListItem\",\"position\":2,\"name\":\"Referenten\",\"item\":\"https:\/\/wasserbaukolloquium.de\/2024\/referenten\"},{\"@type\":\"ListItem\",\"position\":3,\"name\":\"Informationen f\u00fcr Referenten\"}]},{\"@type\":\"WebSite\",\"@id\":\"https:\/\/wasserbaukolloquium.de\/2024\/#website\",\"url\":\"https:\/\/wasserbaukolloquium.de\/2024\/\",\"name\":\"47. Dresdner Wasserbaukolloquium 2024\",\"description\":\"Von der Technischen Hydromechanik zu Environmental Fluid Dynamics, 07. und 08. M\u00e4rz 2024\",\"publisher\":{\"@id\":\"https:\/\/wasserbaukolloquium.de\/2024\/#organization\"},\"potentialAction\":[{\"@type\":\"SearchAction\",\"target\":{\"@type\":\"EntryPoint\",\"urlTemplate\":\"https:\/\/wasserbaukolloquium.de\/2024\/?s={search_term_string}\"},\"query-input\":{\"@type\":\"PropertyValueSpecification\",\"valueRequired\":true,\"valueName\":\"search_term_string\"}}],\"inLanguage\":\"de\"},{\"@type\":\"Organization\",\"@id\":\"https:\/\/wasserbaukolloquium.de\/2024\/#organization\",\"name\":\"47. Dresdner Wasserbaukolloquium 2024\",\"url\":\"https:\/\/wasserbaukolloquium.de\/2024\/\",\"logo\":{\"@type\":\"ImageObject\",\"inLanguage\":\"de\",\"@id\":\"https:\/\/wasserbaukolloquium.de\/2024\/#\/schema\/logo\/image\/\",\"url\":\"https:\/\/wasserbaukolloquium.de\/2024\/wp-content\/uploads\/IWD_Logo_mitSchrift_blau.png\",\"contentUrl\":\"https:\/\/wasserbaukolloquium.de\/2024\/wp-content\/uploads\/IWD_Logo_mitSchrift_blau.png\",\"width\":1691,\"height\":518,\"caption\":\"47. Dresdner Wasserbaukolloquium 2024\"},\"image\":{\"@id\":\"https:\/\/wasserbaukolloquium.de\/2024\/#\/schema\/logo\/image\/\"}}]}<\/script>\n<!-- \/ Yoast SEO plugin. -->","yoast_head_json":{"title":"Informationen f\u00fcr Referenten - 47. Dresdner Wasserbaukolloquium 2024","robots":{"index":"index","follow":"follow","max-snippet":"max-snippet:-1","max-image-preview":"max-image-preview:large","max-video-preview":"max-video-preview:-1"},"canonical":"https:\/\/wasserbaukolloquium.de\/2024\/referenten\/informationen-fuer-referenten","og_locale":"de_DE","og_type":"article","og_title":"Informationen f\u00fcr Referenten - 47. Dresdner Wasserbaukolloquium 2024","og_description":"Hier finden Sie alle wichtigen Informationen f\u00fcr die Erstellung Ihre Beitr\u00e4ge und Vortr\u00e4ge zum virtuellen 47. Dresdner Wasserbaukolloquium. Schriftlicher Fachbeitrag f\u00fcr den Abstractband Ihre schriftlichen Beitr\u00e4ge werden in Form einer erweiterten Kurzfassung in einem Abstractband zusammengefasst und unter Open-Access-Bedingungen \u00fcber das Hydraulic Engineering Repository (HENRY) der Bundesanstalt f\u00fcr Wasserbau (BAW) ausschlie\u00dflich digital publiziert. Bitte nutzen [&hellip;]","og_url":"https:\/\/wasserbaukolloquium.de\/2024\/referenten\/informationen-fuer-referenten","og_site_name":"47. Dresdner Wasserbaukolloquium 2024","article_modified_time":"2024-02-07T14:09:10+00:00","twitter_card":"summary_large_image","twitter_misc":{"Gesch\u00e4tzte Lesezeit":"3\u00a0Minuten"},"schema":{"@context":"https:\/\/schema.org","@graph":[{"@type":"WebPage","@id":"https:\/\/wasserbaukolloquium.de\/2024\/referenten\/informationen-fuer-referenten","url":"https:\/\/wasserbaukolloquium.de\/2024\/referenten\/informationen-fuer-referenten","name":"Informationen f\u00fcr Referenten - 47. Dresdner Wasserbaukolloquium 2024","isPartOf":{"@id":"https:\/\/wasserbaukolloquium.de\/2024\/#website"},"datePublished":"2020-12-08T13:22:48+00:00","dateModified":"2024-02-07T14:09:10+00:00","breadcrumb":{"@id":"https:\/\/wasserbaukolloquium.de\/2024\/referenten\/informationen-fuer-referenten#breadcrumb"},"inLanguage":"de","potentialAction":[{"@type":"ReadAction","target":["https:\/\/wasserbaukolloquium.de\/2024\/referenten\/informationen-fuer-referenten"]}]},{"@type":"BreadcrumbList","@id":"https:\/\/wasserbaukolloquium.de\/2024\/referenten\/informationen-fuer-referenten#breadcrumb","itemListElement":[{"@type":"ListItem","position":1,"name":"Startseite","item":"https:\/\/wasserbaukolloquium.de\/2024\/"},{"@type":"ListItem","position":2,"name":"Referenten","item":"https:\/\/wasserbaukolloquium.de\/2024\/referenten"},{"@type":"ListItem","position":3,"name":"Informationen f\u00fcr Referenten"}]},{"@type":"WebSite","@id":"https:\/\/wasserbaukolloquium.de\/2024\/#website","url":"https:\/\/wasserbaukolloquium.de\/2024\/","name":"47. Dresdner Wasserbaukolloquium 2024","description":"Von der Technischen Hydromechanik zu Environmental Fluid Dynamics, 07. und 08. M\u00e4rz 2024","publisher":{"@id":"https:\/\/wasserbaukolloquium.de\/2024\/#organization"},"potentialAction":[{"@type":"SearchAction","target":{"@type":"EntryPoint","urlTemplate":"https:\/\/wasserbaukolloquium.de\/2024\/?s={search_term_string}"},"query-input":{"@type":"PropertyValueSpecification","valueRequired":true,"valueName":"search_term_string"}}],"inLanguage":"de"},{"@type":"Organization","@id":"https:\/\/wasserbaukolloquium.de\/2024\/#organization","name":"47. Dresdner Wasserbaukolloquium 2024","url":"https:\/\/wasserbaukolloquium.de\/2024\/","logo":{"@type":"ImageObject","inLanguage":"de","@id":"https:\/\/wasserbaukolloquium.de\/2024\/#\/schema\/logo\/image\/","url":"https:\/\/wasserbaukolloquium.de\/2024\/wp-content\/uploads\/IWD_Logo_mitSchrift_blau.png","contentUrl":"https:\/\/wasserbaukolloquium.de\/2024\/wp-content\/uploads\/IWD_Logo_mitSchrift_blau.png","width":1691,"height":518,"caption":"47. Dresdner Wasserbaukolloquium 2024"},"image":{"@id":"https:\/\/wasserbaukolloquium.de\/2024\/#\/schema\/logo\/image\/"}}]}},"_links":{"self":[{"href":"https:\/\/wasserbaukolloquium.de\/2024\/wp-json\/wp\/v2\/pages\/1398","targetHints":{"allow":["GET"]}}],"collection":[{"href":"https:\/\/wasserbaukolloquium.de\/2024\/wp-json\/wp\/v2\/pages"}],"about":[{"href":"https:\/\/wasserbaukolloquium.de\/2024\/wp-json\/wp\/v2\/types\/page"}],"author":[{"embeddable":true,"href":"https:\/\/wasserbaukolloquium.de\/2024\/wp-json\/wp\/v2\/users\/5"}],"replies":[{"embeddable":true,"href":"https:\/\/wasserbaukolloquium.de\/2024\/wp-json\/wp\/v2\/comments?post=1398"}],"version-history":[{"count":0,"href":"https:\/\/wasserbaukolloquium.de\/2024\/wp-json\/wp\/v2\/pages\/1398\/revisions"}],"up":[{"embeddable":true,"href":"https:\/\/wasserbaukolloquium.de\/2024\/wp-json\/wp\/v2\/pages\/1855"}],"wp:attachment":[{"href":"https:\/\/wasserbaukolloquium.de\/2024\/wp-json\/wp\/v2\/media?parent=1398"}],"curies":[{"name":"wp","href":"https:\/\/api.w.org\/{rel}","templated":true}]}}