{"id":338,"date":"2020-10-29T16:13:46","date_gmt":"2020-10-29T15:13:46","guid":{"rendered":"http:\/\/wasserbaukolloquium.de\/2021\/?page_id=338"},"modified":"2020-11-05T14:30:04","modified_gmt":"2020-11-05T13:30:04","slug":"barrierefreiheitserklaerung","status":"publish","type":"page","link":"https:\/\/wasserbaukolloquium.de\/2021\/barrierefreiheitserklaerung","title":{"rendered":"Barrierefreiheitserkl\u00e4rung"},"content":{"rendered":"\t\t<div data-elementor-type=\"wp-page\" data-elementor-id=\"338\" class=\"elementor elementor-338\" data-elementor-post-type=\"page\">\n\t\t\t\t\t\t<section class=\"elementor-section elementor-top-section elementor-element elementor-element-371c7b97 inhaltContainer elementor-section-boxed ang-section-padding-initial elementor-section-height-default elementor-section-height-default elementor-repeater-item-none elementor-repeater-item-none_hover\" data-id=\"371c7b97\" data-element_type=\"section\">\n\t\t\t\t\t\t<div class=\"elementor-container elementor-column-gap-default\">\n\t\t\t\t\t<div class=\"elementor-column elementor-col-100 elementor-top-column elementor-element elementor-element-555cf816 elementor-repeater-item-none elementor-repeater-item-none_hover\" data-id=\"555cf816\" data-element_type=\"column\">\n\t\t\t<div class=\"elementor-widget-wrap elementor-element-populated\">\n\t\t\t\t\t\t<div class=\"elementor-element elementor-element-2b55c8e9 elementor-repeater-item-none elementor-repeater-item-none_hover elementor-widget elementor-widget-theme-page-title elementor-page-title elementor-widget-heading\" data-id=\"2b55c8e9\" data-element_type=\"widget\" data-widget_type=\"theme-page-title.default\">\n\t\t\t\t<div class=\"elementor-widget-container\">\n\t\t\t\t\t<h1 class=\"elementor-heading-title elementor-size-default\">Declaration on Accessibility <\/h1>\t\t\t\t<\/div>\n\t\t\t\t<\/div>\n\t\t\t\t<div class=\"elementor-element elementor-element-3f60117a elementor-repeater-item-none elementor-repeater-item-none_hover elementor-widget elementor-widget-text-editor\" data-id=\"3f60117a\" data-element_type=\"widget\" data-widget_type=\"text-editor.default\">\n\t\t\t\t<div class=\"elementor-widget-container\">\n\t\t\t\t\t\t\t\t\t<p>Das 44. Dresdner Wasserbaukolloquium ist bestrebt, ihre Website <a href=\"http:\/\/wasserbaukolloquium.de\/2021\/\">https:\/\/www.wasserbaukolloquium.de\/2020<\/a> in \u00dcbereinstimmung mit den nationalen Rechtsvorschriften zur Umsetzung der Richtlinie (EU) 2016\/2102 des Europ\u00e4ischen Parlaments und des Rates zug\u00e4nglich zu machen.<\/p>\t\t\t\t\t\t\t\t<\/div>\n\t\t\t\t<\/div>\n\t\t\t\t<div class=\"elementor-element elementor-element-5b3b700d elementor-repeater-item-none elementor-repeater-item-none_hover elementor-widget elementor-widget-text-editor\" data-id=\"5b3b700d\" data-element_type=\"widget\" data-widget_type=\"text-editor.default\">\n\t\t\t\t<div class=\"elementor-widget-container\">\n\t\t\t\t\t\t\t\t\t<h2>Vorbereitung dieser Erkl\u00e4rung zur Zug\u00e4nglichkeit<\/h2>\nDiese Erkl\u00e4rung wurde am 26.05.2020 verfasst. Die letzte \u00dcberpr\u00fcfung der GRK 2250-Website und dieser Erkl\u00e4rung erfolgte am 05.November 2020.\n\nGrundlage f\u00fcr die Ausarbeitung dieser Erkl\u00e4rung zur Zug\u00e4nglichkeit ist eine von der \u00f6ffentlichen Stelle durchgef\u00fchrten Selbstbewertung vom <em>Institut f\u00fcr Wasserbau und Technische Hydromechanik, Technische Universit\u00e4t Dresden.<\/em>\t\t\t\t\t\t\t\t<\/div>\n\t\t\t\t<\/div>\n\t\t\t\t<div class=\"elementor-element elementor-element-51ae4dcc elementor-repeater-item-none elementor-repeater-item-none_hover elementor-widget elementor-widget-text-editor\" data-id=\"51ae4dcc\" data-element_type=\"widget\" data-widget_type=\"text-editor.default\">\n\t\t\t\t<div class=\"elementor-widget-container\">\n\t\t\t\t\t\t\t\t\t<h2>Stand der Kompatibilit\u00e4t mit den Anforderungen der Bundesverordnung \u00fcber die Barrierefreie Informationstechnik (BITV)<\/h2><p>Aufgrund der folgenden Inkompatibilit\u00e4ten bzw. Ausnahmen ist diese Website teilweise kompatibel mit den Anforderungen des BfWebG gem\u00e4\u00df BITV 2.0.<\/p><p><\/p>\t\t\t\t\t\t\t\t<\/div>\n\t\t\t\t<\/div>\n\t\t\t\t<div class=\"elementor-element elementor-element-5b84ec11 elementor-repeater-item-none elementor-repeater-item-none_hover elementor-widget elementor-widget-text-editor\" data-id=\"5b84ec11\" data-element_type=\"widget\" data-widget_type=\"text-editor.default\">\n\t\t\t\t<div class=\"elementor-widget-container\">\n\t\t\t\t\t\t\t\t\t<h2>Kontakt<\/h2>\nWenn Sie irgendwelche M\u00e4ngel in Bezug auf die barrierefreie Gestaltung feststellen, wenden Sie sich bitte an <a href=\"http:\/\/wasserbaukolloquium.de\/2021\/kontakt\/\">Heike D\u00fcrichen<\/a>\t\t\t\t\t\t\t\t<\/div>\n\t\t\t\t<\/div>\n\t\t\t\t<div class=\"elementor-element elementor-element-42abffb4 elementor-repeater-item-none elementor-repeater-item-none_hover elementor-widget elementor-widget-text-editor\" data-id=\"42abffb4\" data-element_type=\"widget\" data-widget_type=\"text-editor.default\">\n\t\t\t\t<div class=\"elementor-widget-container\">\n\t\t\t\t\t\t\t\t\t<h2><span style=\"text-transform: none;\" lang=\"EN-GB\">Durchsetzungsverfahren<\/span><\/h2><p>Wenn Sie mit unserem Umgang mit Ihrem Feedback nicht zufrieden sind, k\u00f6nnen Sie sich an die<em> S\u00e4chsische Schlichtungsstelle<\/em>:<\/p><p>Beauftragter der S\u00e4chsischen Staatsregierung f\u00fcr die Belange von Menschen mit Behinderungen<br \/>Albertstra\u00dfe 10<br \/>01097 Dresden<\/p><p>Postanschrift: Archivstra\u00dfe 1, 01097 Dresden<br \/>E-Mail: <a href=\"mailto:info.behindertenbeauftragter@sk.sachsen.de\"><i class=\"fa fa-envelope\"><\/i> info.behindertenbeauftragter@sk.sachsen.de<\/a><br \/>Telefon: 0351 564-12161<br \/>Fax: 0351 564-12169<br \/>Internet: <a href=\"https:\/\/www.inklusion.sachsen.de\" rel=\"nofollow noopener\" target=\"_blank\">https:\/\/www.inklusion.sachsen.de<\/a><\/p>\t\t\t\t\t\t\t\t<\/div>\n\t\t\t\t<\/div>\n\t\t\t\t<div class=\"elementor-element elementor-element-5645389a elementor-repeater-item-none elementor-repeater-item-none_hover elementor-widget elementor-widget-text-editor\" data-id=\"5645389a\" data-element_type=\"widget\" data-widget_type=\"text-editor.default\">\n\t\t\t\t<div class=\"elementor-widget-container\">\n\t\t\t\t\t\t\t\t\t<h2><span style=\"text-transform: none;\" lang=\"EN-GB\">Weitere Hilfsangebote an der TU Dresden<\/span><\/h2><p>Weitere Hilfsangebote der Beauftragten f\u00fcr Studierende mit Behinderungen und chronischen Erkrankungen der TU Dresden finden Sie unter:<br \/><a href=\"https:\/\/tu-dresden.de\/tu-dresden\/organisation\/gremien-und-beauftragte\/beauftragte\/bfsb?set_language=en\" rel=\"nofollow noopener\" target=\"_blank\">https:\/\/tu-dresden.de\/tu-dresden\/organisation\/gremien-und-beauftragte\/beauftragte\/bfsb<\/a><\/p>\t\t\t\t\t\t\t\t<\/div>\n\t\t\t\t<\/div>\n\t\t\t\t\t<\/div>\n\t\t<\/div>\n\t\t\t\t\t<\/div>\n\t\t<\/section>\n\t\t\t\t<\/div>\n\t\t","protected":false},"excerpt":{"rendered":"<p>Das 44. Dresdner Wasserbaukolloquium ist bestrebt, ihre Website https:\/\/www.wasserbaukolloquium.de\/2020 in \u00dcbereinstimmung mit den nationalen Rechtsvorschriften zur Umsetzung der Richtlinie (EU) 2016\/2102 des Europ\u00e4ischen Parlaments und des Rates zug\u00e4nglich zu machen. Vorbereitung dieser Erkl\u00e4rung zur Zug\u00e4nglichkeit Diese Erkl\u00e4rung wurde am 26.05.2020 verfasst. Die letzte \u00dcberpr\u00fcfung der GRK 2250-Website und dieser Erkl\u00e4rung erfolgte am 05.November 2020. Grundlage [&hellip;]<\/p>\n","protected":false},"author":8,"featured_media":0,"parent":0,"menu_order":99,"comment_status":"closed","ping_status":"closed","template":"elementor_header_footer","meta":{"_acf_changed":false,"footnotes":""},"class_list":["post-338","page","type-page","status-publish","hentry"],"acf":[],"_links":{"self":[{"href":"https:\/\/wasserbaukolloquium.de\/2021\/wp-json\/wp\/v2\/pages\/338","targetHints":{"allow":["GET"]}}],"collection":[{"href":"https:\/\/wasserbaukolloquium.de\/2021\/wp-json\/wp\/v2\/pages"}],"about":[{"href":"https:\/\/wasserbaukolloquium.de\/2021\/wp-json\/wp\/v2\/types\/page"}],"author":[{"embeddable":true,"href":"https:\/\/wasserbaukolloquium.de\/2021\/wp-json\/wp\/v2\/users\/8"}],"replies":[{"embeddable":true,"href":"https:\/\/wasserbaukolloquium.de\/2021\/wp-json\/wp\/v2\/comments?post=338"}],"version-history":[{"count":0,"href":"https:\/\/wasserbaukolloquium.de\/2021\/wp-json\/wp\/v2\/pages\/338\/revisions"}],"wp:attachment":[{"href":"https:\/\/wasserbaukolloquium.de\/2021\/wp-json\/wp\/v2\/media?parent=338"}],"curies":[{"name":"wp","href":"https:\/\/api.w.org\/{rel}","templated":true}]}}