{"id":326,"date":"2020-10-29T15:58:25","date_gmt":"2020-10-29T14:58:25","guid":{"rendered":"http:\/\/wasserbaukolloquium.de\/2021\/?page_id=326"},"modified":"2020-11-12T16:06:36","modified_gmt":"2020-11-12T15:06:36","slug":"impressum-datenschutz","status":"publish","type":"page","link":"https:\/\/wasserbaukolloquium.de\/2021\/impressum-datenschutz","title":{"rendered":"Impressum \/ Datenschutz"},"content":{"rendered":"\t\t<div data-elementor-type=\"wp-page\" data-elementor-id=\"326\" class=\"elementor elementor-326\" data-elementor-post-type=\"page\">\n\t\t\t\t\t\t<section class=\"elementor-section elementor-top-section elementor-element elementor-element-87cd967 inhaltContainer elementor-section-boxed ang-section-padding-initial elementor-section-height-default elementor-section-height-default elementor-repeater-item-none elementor-repeater-item-none_hover\" data-id=\"87cd967\" data-element_type=\"section\">\n\t\t\t\t\t\t<div class=\"elementor-container elementor-column-gap-default\">\n\t\t\t\t\t<div class=\"elementor-column elementor-col-100 elementor-top-column elementor-element elementor-element-eb71dc8 elementor-repeater-item-none elementor-repeater-item-none_hover\" data-id=\"eb71dc8\" data-element_type=\"column\">\n\t\t\t<div class=\"elementor-widget-wrap elementor-element-populated\">\n\t\t\t\t\t\t<div class=\"elementor-element elementor-element-33b49019 elementor-repeater-item-none elementor-repeater-item-none_hover elementor-widget elementor-widget-text-editor\" data-id=\"33b49019\" data-element_type=\"widget\" data-widget_type=\"text-editor.default\">\n\t\t\t\t<div class=\"elementor-widget-container\">\n\t\t\t\t\t\t\t\t\t<p>Angaben gem\u00e4\u00df \u00a7 5 TMG<\/p><p>Technische Universit\u00e4t Dresden<br \/>Institut f\u00fcr Wasserbau und Technische Hydromechanik<br \/>01062 Dresden<\/p><p><span>Vertreten durch: <\/span><br \/>Prof. Dr.-Ing. J\u00fcrgen Stamm<\/p><p><span>Kontakt:<\/span><br \/>Telefon: +49 351 463-34397<br \/>Fax: +49 351 463-37120<br \/>E-Mail: <a href=\"mailto:max@muster.de\">wasserbau@tu-dresden.de<\/a><\/p><p>Die <strong>Umsatzsteueridentifikationsnummer<\/strong> der Technischen Universit\u00e4t Dresden lautet:<br \/>USt.-IdNr. DE 18 83 69 99 1<\/p><p>Die zust\u00e4ndige <strong>Aufsichtsbeh\u00f6rde<\/strong> ist das:<br \/>S\u00e4chsisches Staatsministerium f\u00fcr Wissenschaft und Kunst<br \/>Wigardstra\u00dfe 17<br \/>01097 Dresden<\/p><p><span>Verantwortlich f\u00fcr den Inhalt nach \u00a7 55 Abs. 2 RStV:<\/span><br \/>Prof. Dr.-Ing. J\u00fcrgen Stamm<br \/>Institut f\u00fcr Wasserbau und Technische Hydromechanik<br \/>Technische Universit\u00e4t Dresden<br \/>01062 Dresden<\/p>\t\t\t\t\t\t\t\t<\/div>\n\t\t\t\t<\/div>\n\t\t\t\t<div class=\"elementor-element elementor-element-6ac77c98 elementor-repeater-item-none elementor-repeater-item-none_hover elementor-widget elementor-widget-text-editor\" data-id=\"6ac77c98\" data-element_type=\"widget\" data-widget_type=\"text-editor.default\">\n\t\t\t\t<div class=\"elementor-widget-container\">\n\t\t\t\t\t\t\t\t\t<h2>Haftungsausschluss<\/h2><h4><span>Haftung f\u00fcr Inhalte<\/span><\/h4><p>Die Inhalte unserer Seiten wurden mit gr\u00f6\u00dfter Sorgfalt erstellt. F\u00fcr die Richtigkeit, Vollst\u00e4ndigkeit und Aktualit\u00e4t der Inhalte k\u00f6nnen wir jedoch keine Gew\u00e4hr \u00fcbernehmen. Als Diensteanbieter sind wir gem\u00e4\u00df \u00a7 7 Abs.1 TMG f\u00fcr eigene Inhalte auf diesen Seiten nach den allgemeinen Gesetzen verantwortlich. Nach \u00a7\u00a7 8 bis 10 TMG sind wir als Diensteanbieter jedoch nicht verpflichtet, \u00fcbermittelte oder gespeicherte fremde Informationen zu \u00fcberwachen oder nach Umst\u00e4nden zu forschen, die auf eine rechtswidrige T\u00e4tigkeit hinweisen. Verpflichtungen zur Entfernung oder Sperrung der Nutzung von Informationen nach den allgemeinen Gesetzen bleiben hiervon unber\u00fchrt. Eine diesbez\u00fcgliche Haftung ist jedoch erst ab dem Zeitpunkt der Kenntnis einer konkreten Rechtsverletzung m\u00f6glich. Bei Bekanntwerden von entsprechenden Rechtsverletzungen werden wir diese Inhalte umgehend entfernen.<\/p><h4><span>Haftung f\u00fcr Links<\/span><\/h4><p>Unser Angebot enth\u00e4lt Links zu externen Webseiten Dritter, auf deren Inhalte wir keinen Einfluss haben. Deshalb k\u00f6nnen wir f\u00fcr diese fremden Inhalte auch keine Gew\u00e4hr \u00fcbernehmen. F\u00fcr die Inhalte der verlinkten Seiten ist stets der jeweilige Anbieter oder Betreiber der Seiten verantwortlich. Die verlinkten Seiten wurden zum Zeitpunkt der Verlinkung auf m\u00f6gliche Rechtsverst\u00f6\u00dfe \u00fcberpr\u00fcft. Rechtswidrige Inhalte waren zum Zeitpunkt der Verlinkung nicht erkennbar. Eine permanente inhaltliche Kontrolle der verlinkten Seiten ist jedoch ohne konkrete Anhaltspunkte einer Rechtsverletzung nicht zumutbar. Bei Bekanntwerden von Rechtsverletzungen werden wir derartige Links umgehend entfernen.<\/p><h4><span>Urheberrecht<\/span><\/h4><p>Die durch die Seitenbetreiber erstellten Inhalte und Werke auf diesen Seiten unterliegen dem deutschen Urheberrecht. Die Vervielf\u00e4ltigung, Bearbeitung, Verbreitung und jede Art der Verwertung au\u00dferhalb der Grenzen des Urheberrechtes bed\u00fcrfen der schriftlichen Zustimmung des jeweiligen Autors bzw. Erstellers. Downloads und Kopien dieser Seite sind nur f\u00fcr den privaten, nicht kommerziellen Gebrauch gestattet. Soweit die Inhalte auf dieser Seite nicht vom Betreiber erstellt wurden, werden die Urheberrechte Dritter beachtet. Insbesondere werden Inhalte Dritter als solche gekennzeichnet. Sollten Sie trotzdem auf eine Urheberrechtsverletzung aufmerksam werden, bitten wir um einen entsprechenden Hinweis. Bei Bekanntwerden von Rechtsverletzungen werden wir derartige Inhalte umgehend entfernen.<\/p><p><\/p>\t\t\t\t\t\t\t\t<\/div>\n\t\t\t\t<\/div>\n\t\t\t\t<div class=\"elementor-element elementor-element-5503d643 elementor-repeater-item-none elementor-repeater-item-none_hover elementor-widget elementor-widget-text-editor\" data-id=\"5503d643\" data-element_type=\"widget\" id=\"datenschutz\" data-widget_type=\"text-editor.default\">\n\t\t\t\t<div class=\"elementor-widget-container\">\n\t\t\t\t\t\t\t\t\t<h2>Datenschutzerkl\u00e4rung<\/h2><p>Als \u00f6ffentliche Einrichtung unterliegt die Technische Universit\u00e4t Dresden den Bestimmungen des S\u00e4chsischen Datenschutzgesetzes (<em>S\u00e4chsDSG<\/em>) sowie den einschl\u00e4gigen Rechtsgrundlagen mit Bestimmungen zum Schutz des Rechts auf informationelle Selbstbestimmung.<\/p><p>Um Ihre Rechte zu sch\u00fctzen, haben wir technische und organisatorische Ma\u00dfnahmen ergriffen, um sicherzustellen, dass die Vorschriften \u00fcber den Datenschutz von den von uns betriebenen Systemen eingehalten werden. Ihre Daten d\u00fcrfen nur in dem Umfang verarbeitet werden, der durch besondere Gesetze oder mit Ihrer Einwilligung zul\u00e4ssig ist.<\/p><p>Die Nutzung unserer Webseite ist in der Regel ohne Angabe personenbezogener Daten m\u00f6glich. Soweit auf unseren Seiten personenbezogene Daten (beispielsweise Name, Anschrift oder E-Mail-Adressen) erhoben werden, erfolgt dies, soweit m\u00f6glich, stets auf freiwilliger Basis. Diese Daten werden ohne Ihre ausdr\u00fcckliche Zustimmung nicht an Dritte weitergegeben.<\/p><p>Wir weisen darauf hin, dass die Daten\u00fcbertragung im Internet (z. B. bei der Kommunikation per E-Mail) Sicherheitsl\u00fccken aufweisen kann. Ein l\u00fcckenloser Schutz der Daten vor dem Zugriff durch Dritte ist nicht m\u00f6glich.<\/p><p>Der Nutzung von im Rahmen der Impressumspflicht ver\u00f6ffentlichten Kontaktdaten durch Dritte zur \u00dcbersendung von nicht ausdr\u00fccklich angeforderter Werbung und Informationsmaterialien wird hiermit ausdr\u00fccklich widersprochen. Die Betreiber der Seiten behalten sich ausdr\u00fccklich rechtliche Schritte im Falle der unverlangten Zusendung von Werbeinformationen, etwa durch Spam-Mails, vor.<\/p><p><\/p>\t\t\t\t\t\t\t\t<\/div>\n\t\t\t\t<\/div>\n\t\t\t\t\t<\/div>\n\t\t<\/div>\n\t\t\t\t\t<\/div>\n\t\t<\/section>\n\t\t\t\t<\/div>\n\t\t","protected":false},"excerpt":{"rendered":"<p>Angaben gem\u00e4\u00df \u00a7 5 TMG Technische Universit\u00e4t DresdenInstitut f\u00fcr Wasserbau und Technische Hydromechanik01062 Dresden Vertreten durch: Prof. Dr.-Ing. J\u00fcrgen Stamm Kontakt:Telefon: +49 351 463-34397Fax: +49 351 463-37120E-Mail: wasserbau@tu-dresden.de Die Umsatzsteueridentifikationsnummer der Technischen Universit\u00e4t Dresden lautet:USt.-IdNr. DE 18 83 69 99 1 Die zust\u00e4ndige Aufsichtsbeh\u00f6rde ist das:S\u00e4chsisches Staatsministerium f\u00fcr Wissenschaft und KunstWigardstra\u00dfe 1701097 Dresden Verantwortlich f\u00fcr [&hellip;]<\/p>\n","protected":false},"author":8,"featured_media":0,"parent":0,"menu_order":99,"comment_status":"closed","ping_status":"closed","template":"elementor_header_footer","meta":{"_acf_changed":false,"footnotes":""},"class_list":["post-326","page","type-page","status-publish","hentry"],"acf":[],"_links":{"self":[{"href":"https:\/\/wasserbaukolloquium.de\/2021\/wp-json\/wp\/v2\/pages\/326","targetHints":{"allow":["GET"]}}],"collection":[{"href":"https:\/\/wasserbaukolloquium.de\/2021\/wp-json\/wp\/v2\/pages"}],"about":[{"href":"https:\/\/wasserbaukolloquium.de\/2021\/wp-json\/wp\/v2\/types\/page"}],"author":[{"embeddable":true,"href":"https:\/\/wasserbaukolloquium.de\/2021\/wp-json\/wp\/v2\/users\/8"}],"replies":[{"embeddable":true,"href":"https:\/\/wasserbaukolloquium.de\/2021\/wp-json\/wp\/v2\/comments?post=326"}],"version-history":[{"count":0,"href":"https:\/\/wasserbaukolloquium.de\/2021\/wp-json\/wp\/v2\/pages\/326\/revisions"}],"wp:attachment":[{"href":"https:\/\/wasserbaukolloquium.de\/2021\/wp-json\/wp\/v2\/media?parent=326"}],"curies":[{"name":"wp","href":"https:\/\/api.w.org\/{rel}","templated":true}]}}